{"id":6817,"date":"2026-04-12T11:08:13","date_gmt":"2026-04-12T11:08:13","guid":{"rendered":"https:\/\/novumlab.eu\/product\/ghrp-2\/"},"modified":"2026-04-12T11:08:13","modified_gmt":"2026-04-12T11:08:13","slug":"ghrp-2","status":"publish","type":"product","link":"https:\/\/novumlab.eu\/de\/produkt\/ghrp-2\/","title":{"rendered":"GHRP-2"},"content":{"rendered":"<h3><strong>GHRP-2 (Pralmorelin) \u2013 Wachstumshormon-freisetzendes Hexapeptid<\/strong><\/h3>\n<p>GHRP-2 (Pralmorelin) ist ein synthetisches Hexapeptid, das die Aussch\u00fcttung von Wachstumshormon anregelt. Es wirkt als Agonist des Ghrelinrezeptors (GHS-R1a) und wurde als diagnostisches Mittel f\u00fcr Wachstumshormonmangel untersucht.<\/p>\n<hr \/>\n<h3><strong>Forschungshintergrund:<\/strong><\/h3>\n<p>GHRP-2 wurde in der endokrinen Forschung als einer der wirksamsten synthetischen GH-Sekretagogen untersucht. In ver\u00f6ffentlichten Studien wurden seine Auswirkungen auf die Hypothalamus-Hypophysen-Wachstumshormonachse untersucht.<\/p>\n<p>Die Verbindung wurde in Japan als Diagnostikum (unter dem Namen Pralmorelin) zur Beurteilung der Wachstumshormon-Sekretionskapazit\u00e4t zugelassen. Im Forschungskontext wird sie weiterhin h\u00e4ufig in endokrinologischen Studien eingesetzt.<\/p>\n<hr \/>\n<h3><strong>Informationen zur Verbindung:<\/strong><\/h3>\n<ul>\n<li><strong>Sequenz:<\/strong> D-Ala-D-2-Nal-Ala-Trp-D-Phe-Lys-NH\u2082 (Hexapeptid)<\/li>\n<li><strong>CAS-Nummer:<\/strong> 158861-67-7<\/li>\n<li><strong>Rezeptorziel:<\/strong> GHS-R1a (Ghrelin-Rezeptor)<\/li>\n<li><strong>Klassifizierung:<\/strong> Synthetischer GH-Sekretagog<\/li>\n<\/ul>\n<hr \/>\n<h3><strong>Produktspezifikationen:<\/strong><\/h3>\n<ul>\n<li><strong>Form:<\/strong> Lyophilisiertes (gefriergetrocknetes) Pulver<\/li>\n<li><strong>Reinheit:<\/strong> \u226598 % (HPLC-verifiziert)<\/li>\n<li><strong>Beh\u00e4lter:<\/strong> Borosilikatglasfl\u00e4schchen Typ I<\/li>\n<li><strong>Lagerung:<\/strong> -20 \u00b0C empfohlen, 2\u20138 \u00b0C f\u00fcr kurze Zeit<\/li>\n<li><strong>Rekonstitution:<\/strong> Bakteriostatisches Wasser oder steriles Wasser<\/li>\n<li><strong>Hersteller:<\/strong> NovumLab<\/li>\n<li><strong>Qualit\u00e4tskontrolle:<\/strong> Jede Charge wird unabh\u00e4ngig gepr\u00fcft<\/li>\n<li><strong>Verwendungszweck:<\/strong> Ausschlie\u00dflich <strong>f\u00fcr<\/strong> die In-vitro-Laborforschung<\/li>\n<\/ul>\n<hr \/>\n<p><em>Dieses Produkt ist kein Arzneimittel, Lebensmittel oder Kosmetikum und sollte unter Laborbedingungen von qualifiziertem Fachpersonal gehandhabt werden. Alle Produktinformationen dienen ausschlie\u00dflich zu Bildungszwecken. Das Produkt ist kein Lebensmittel oder Nahrungserg\u00e4nzungsmittel und nicht f\u00fcr den menschlichen Verzehr geeignet. Nur f\u00fcr die In-vitro-Forschung bestimmt.<\/em><\/p>\n","protected":false},"excerpt":{"rendered":"<p>GHRP-2 (Pralmorelin) ist ein synthetisches Hexapeptid, das Wachstumshormone freisetzt. Es wird in der endokrinen Forschung als GH-Sekretagogum erforscht. Lyophilisiertes Pulver. Reinheit \u226598% (HPLC). Nur f\u00fcr die In-vitro-Forschung geeignet.<\/p>\n","protected":false},"featured_media":2939,"comment_status":"open","ping_status":"closed","template":"","meta":{"_themeisle_gutenberg_block_has_review":false},"product_brand":[],"product_cat":[2097],"product_tag":[2070,1738,1737,2167,2176],"class_list":{"0":"post-6817","1":"product","2":"type-product","3":"status-publish","4":"has-post-thumbnail","6":"product_cat-leistung-vitalitaet","7":"product_tag-endokrine-forschung","8":"product_tag-gh-sekretagogum","9":"product_tag-ghrp-2","10":"product_tag-hexapeptide","11":"product_tag-pralmorelin","13":"first","14":"outofstock","15":"shipping-taxable","16":"purchasable","17":"product-type-variable","18":"has-default-attributes"},"supplier_id":null,"supplier_sku":"","barcode":null,"atum_controlled":true,"out_stock_date":"2026-04-12 11:08:23","out_stock_threshold":null,"inheritable":false,"inbound_stock":null,"stock_on_hold":0,"sold_today":0,"sales_last_days":0,"reserved_stock":null,"customer_returns":null,"warehouse_damage":null,"lost_in_post":null,"other_logs":null,"out_stock_days":23,"lost_sales":0,"has_location":null,"update_date":"2026-05-06T00:40:58","atum_locations":[],"atum_stock_status":"outofstock","restock_status":false,"low_stock_amount":"","sales_update_date":"2026-05-06T00:40:58","calc_backorders":null,"yoast_head":"<!-- This site is optimized with the Yoast SEO plugin v27.5 - https:\/\/yoast.com\/product\/yoast-seo-wordpress\/ -->\n<title>GHRP-2 - NovumLab.eu<\/title>\n<meta name=\"robots\" content=\"index, follow, max-snippet:-1, max-image-preview:large, max-video-preview:-1\" \/>\n<link rel=\"canonical\" href=\"https:\/\/novumlab.eu\/de\/produkt\/ghrp-2\/\" \/>\n<meta property=\"og:locale\" content=\"de_DE\" \/>\n<meta property=\"og:type\" content=\"article\" \/>\n<meta property=\"og:title\" content=\"GHRP-2 - NovumLab.eu\" \/>\n<meta property=\"og:description\" content=\"GHRP-2 (Pralmorelin) ist ein synthetisches Hexapeptid, das Wachstumshormone freisetzt. Es wird in der endokrinen Forschung als GH-Sekretagogum erforscht. Lyophilisiertes Pulver. Reinheit \u226598% (HPLC). Nur f\u00fcr die In-vitro-Forschung geeignet.\" \/>\n<meta property=\"og:url\" content=\"https:\/\/novumlab.eu\/de\/produkt\/ghrp-2\/\" \/>\n<meta property=\"og:site_name\" content=\"NovumLab.eu\" \/>\n<meta name=\"twitter:card\" content=\"summary_large_image\" \/>\n<meta name=\"twitter:label1\" content=\"Gesch\u00e4tzte Lesezeit\" \/>\n\t<meta name=\"twitter:data1\" content=\"1\u00a0Minute\" \/>\n<script type=\"application\/ld+json\" class=\"yoast-schema-graph\">{\"@context\":\"https:\\\/\\\/schema.org\",\"@graph\":[{\"@type\":\"WebPage\",\"@id\":\"https:\\\/\\\/novumlab.eu\\\/de\\\/produkt\\\/ghrp-2\\\/\",\"url\":\"https:\\\/\\\/novumlab.eu\\\/de\\\/produkt\\\/ghrp-2\\\/\",\"name\":\"GHRP-2 - NovumLab.eu\",\"isPartOf\":{\"@id\":\"https:\\\/\\\/novumlab.eu\\\/de\\\/#website\"},\"primaryImageOfPage\":{\"@id\":\"https:\\\/\\\/novumlab.eu\\\/de\\\/produkt\\\/ghrp-2\\\/#primaryimage\"},\"image\":{\"@id\":\"https:\\\/\\\/novumlab.eu\\\/de\\\/produkt\\\/ghrp-2\\\/#primaryimage\"},\"thumbnailUrl\":\"https:\\\/\\\/novumlab.eu\\\/wp-content\\\/uploads\\\/2025\\\/11\\\/Vaccine-Bottle_v01-73-scaled.jpg\",\"datePublished\":\"2026-04-12T11:08:13+00:00\",\"breadcrumb\":{\"@id\":\"https:\\\/\\\/novumlab.eu\\\/de\\\/produkt\\\/ghrp-2\\\/#breadcrumb\"},\"inLanguage\":\"de\",\"potentialAction\":[{\"@type\":\"ReadAction\",\"target\":[\"https:\\\/\\\/novumlab.eu\\\/de\\\/produkt\\\/ghrp-2\\\/\"]}]},{\"@type\":\"ImageObject\",\"inLanguage\":\"de\",\"@id\":\"https:\\\/\\\/novumlab.eu\\\/de\\\/produkt\\\/ghrp-2\\\/#primaryimage\",\"url\":\"https:\\\/\\\/novumlab.eu\\\/wp-content\\\/uploads\\\/2025\\\/11\\\/Vaccine-Bottle_v01-73-scaled.jpg\",\"contentUrl\":\"https:\\\/\\\/novumlab.eu\\\/wp-content\\\/uploads\\\/2025\\\/11\\\/Vaccine-Bottle_v01-73-scaled.jpg\",\"width\":2560,\"height\":1707},{\"@type\":\"BreadcrumbList\",\"@id\":\"https:\\\/\\\/novumlab.eu\\\/de\\\/produkt\\\/ghrp-2\\\/#breadcrumb\",\"itemListElement\":[{\"@type\":\"ListItem\",\"position\":1,\"name\":\"Startseite\",\"item\":\"https:\\\/\\\/novumlab.eu\\\/de\\\/home\\\/\"},{\"@type\":\"ListItem\",\"position\":2,\"name\":\"Shop\",\"item\":\"https:\\\/\\\/novumlab.eu\\\/shop\\\/\"},{\"@type\":\"ListItem\",\"position\":3,\"name\":\"GHRP-2\"}]},{\"@type\":\"WebSite\",\"@id\":\"https:\\\/\\\/novumlab.eu\\\/de\\\/#website\",\"url\":\"https:\\\/\\\/novumlab.eu\\\/de\\\/\",\"name\":\"Buy Premium Peptides Online | BPC-157, Semaglutide, CJC-1295, TB-500 | Lab-Tested EU Store\",\"description\":\"Premium-Peptide online kaufen | BPC-157, GHK-CU, CJC-1295, TB-500 | Laborgepr\u00fcfter EU-Shop\",\"publisher\":{\"@id\":\"https:\\\/\\\/novumlab.eu\\\/de\\\/#organization\"},\"potentialAction\":[{\"@type\":\"SearchAction\",\"target\":{\"@type\":\"EntryPoint\",\"urlTemplate\":\"https:\\\/\\\/novumlab.eu\\\/de\\\/?s={search_term_string}\"},\"query-input\":{\"@type\":\"PropertyValueSpecification\",\"valueRequired\":true,\"valueName\":\"search_term_string\"}}],\"inLanguage\":\"de\"},{\"@type\":\"Organization\",\"@id\":\"https:\\\/\\\/novumlab.eu\\\/de\\\/#organization\",\"name\":\"NovumLab.eu\",\"url\":\"https:\\\/\\\/novumlab.eu\\\/de\\\/\",\"logo\":{\"@type\":\"ImageObject\",\"inLanguage\":\"de\",\"@id\":\"https:\\\/\\\/novumlab.eu\\\/de\\\/#\\\/schema\\\/logo\\\/image\\\/\",\"url\":\"https:\\\/\\\/novumlab.eu\\\/wp-content\\\/uploads\\\/2025\\\/11\\\/Logo-scaled.png\",\"contentUrl\":\"https:\\\/\\\/novumlab.eu\\\/wp-content\\\/uploads\\\/2025\\\/11\\\/Logo-scaled.png\",\"width\":2560,\"height\":688,\"caption\":\"NovumLab.eu\"},\"image\":{\"@id\":\"https:\\\/\\\/novumlab.eu\\\/de\\\/#\\\/schema\\\/logo\\\/image\\\/\"}}]}<\/script>\n<!-- \/ Yoast SEO plugin. -->","yoast_head_json":{"title":"GHRP-2 - NovumLab.eu","robots":{"index":"index","follow":"follow","max-snippet":"max-snippet:-1","max-image-preview":"max-image-preview:large","max-video-preview":"max-video-preview:-1"},"canonical":"https:\/\/novumlab.eu\/de\/produkt\/ghrp-2\/","og_locale":"de_DE","og_type":"article","og_title":"GHRP-2 - NovumLab.eu","og_description":"GHRP-2 (Pralmorelin) ist ein synthetisches Hexapeptid, das Wachstumshormone freisetzt. Es wird in der endokrinen Forschung als GH-Sekretagogum erforscht. Lyophilisiertes Pulver. Reinheit \u226598% (HPLC). Nur f\u00fcr die In-vitro-Forschung geeignet.","og_url":"https:\/\/novumlab.eu\/de\/produkt\/ghrp-2\/","og_site_name":"NovumLab.eu","twitter_card":"summary_large_image","twitter_misc":{"Gesch\u00e4tzte Lesezeit":"1\u00a0Minute"},"schema":{"@context":"https:\/\/schema.org","@graph":[{"@type":"WebPage","@id":"https:\/\/novumlab.eu\/de\/produkt\/ghrp-2\/","url":"https:\/\/novumlab.eu\/de\/produkt\/ghrp-2\/","name":"GHRP-2 - NovumLab.eu","isPartOf":{"@id":"https:\/\/novumlab.eu\/de\/#website"},"primaryImageOfPage":{"@id":"https:\/\/novumlab.eu\/de\/produkt\/ghrp-2\/#primaryimage"},"image":{"@id":"https:\/\/novumlab.eu\/de\/produkt\/ghrp-2\/#primaryimage"},"thumbnailUrl":"https:\/\/novumlab.eu\/wp-content\/uploads\/2025\/11\/Vaccine-Bottle_v01-73-scaled.jpg","datePublished":"2026-04-12T11:08:13+00:00","breadcrumb":{"@id":"https:\/\/novumlab.eu\/de\/produkt\/ghrp-2\/#breadcrumb"},"inLanguage":"de","potentialAction":[{"@type":"ReadAction","target":["https:\/\/novumlab.eu\/de\/produkt\/ghrp-2\/"]}]},{"@type":"ImageObject","inLanguage":"de","@id":"https:\/\/novumlab.eu\/de\/produkt\/ghrp-2\/#primaryimage","url":"https:\/\/novumlab.eu\/wp-content\/uploads\/2025\/11\/Vaccine-Bottle_v01-73-scaled.jpg","contentUrl":"https:\/\/novumlab.eu\/wp-content\/uploads\/2025\/11\/Vaccine-Bottle_v01-73-scaled.jpg","width":2560,"height":1707},{"@type":"BreadcrumbList","@id":"https:\/\/novumlab.eu\/de\/produkt\/ghrp-2\/#breadcrumb","itemListElement":[{"@type":"ListItem","position":1,"name":"Startseite","item":"https:\/\/novumlab.eu\/de\/home\/"},{"@type":"ListItem","position":2,"name":"Shop","item":"https:\/\/novumlab.eu\/shop\/"},{"@type":"ListItem","position":3,"name":"GHRP-2"}]},{"@type":"WebSite","@id":"https:\/\/novumlab.eu\/de\/#website","url":"https:\/\/novumlab.eu\/de\/","name":"Buy Premium Peptides Online | BPC-157, Semaglutide, CJC-1295, TB-500 | Lab-Tested EU Store","description":"Premium-Peptide online kaufen | BPC-157, GHK-CU, CJC-1295, TB-500 | Laborgepr\u00fcfter EU-Shop","publisher":{"@id":"https:\/\/novumlab.eu\/de\/#organization"},"potentialAction":[{"@type":"SearchAction","target":{"@type":"EntryPoint","urlTemplate":"https:\/\/novumlab.eu\/de\/?s={search_term_string}"},"query-input":{"@type":"PropertyValueSpecification","valueRequired":true,"valueName":"search_term_string"}}],"inLanguage":"de"},{"@type":"Organization","@id":"https:\/\/novumlab.eu\/de\/#organization","name":"NovumLab.eu","url":"https:\/\/novumlab.eu\/de\/","logo":{"@type":"ImageObject","inLanguage":"de","@id":"https:\/\/novumlab.eu\/de\/#\/schema\/logo\/image\/","url":"https:\/\/novumlab.eu\/wp-content\/uploads\/2025\/11\/Logo-scaled.png","contentUrl":"https:\/\/novumlab.eu\/wp-content\/uploads\/2025\/11\/Logo-scaled.png","width":2560,"height":688,"caption":"NovumLab.eu"},"image":{"@id":"https:\/\/novumlab.eu\/de\/#\/schema\/logo\/image\/"}}]}},"_links":{"self":[{"href":"https:\/\/novumlab.eu\/de\/wp-json\/wp\/v2\/product\/6817","targetHints":{"allow":["GET"]}}],"collection":[{"href":"https:\/\/novumlab.eu\/de\/wp-json\/wp\/v2\/product"}],"about":[{"href":"https:\/\/novumlab.eu\/de\/wp-json\/wp\/v2\/types\/product"}],"replies":[{"embeddable":true,"href":"https:\/\/novumlab.eu\/de\/wp-json\/wp\/v2\/comments?post=6817"}],"version-history":[{"count":0,"href":"https:\/\/novumlab.eu\/de\/wp-json\/wp\/v2\/product\/6817\/revisions"}],"wp:featuredmedia":[{"embeddable":true,"href":"https:\/\/novumlab.eu\/de\/wp-json\/wp\/v2\/media\/2939"}],"wp:attachment":[{"href":"https:\/\/novumlab.eu\/de\/wp-json\/wp\/v2\/media?parent=6817"}],"wp:term":[{"taxonomy":"product_brand","embeddable":true,"href":"https:\/\/novumlab.eu\/de\/wp-json\/wp\/v2\/product_brand?post=6817"},{"taxonomy":"product_cat","embeddable":true,"href":"https:\/\/novumlab.eu\/de\/wp-json\/wp\/v2\/product_cat?post=6817"},{"taxonomy":"product_tag","embeddable":true,"href":"https:\/\/novumlab.eu\/de\/wp-json\/wp\/v2\/product_tag?post=6817"}],"curies":[{"name":"wp","href":"https:\/\/api.w.org\/{rel}","templated":true}]}}