{"id":6810,"date":"2026-04-12T11:08:30","date_gmt":"2026-04-12T11:08:30","guid":{"rendered":"https:\/\/novumlab.eu\/product\/cjc-1295-mit-dac\/"},"modified":"2026-04-12T11:08:30","modified_gmt":"2026-04-12T11:08:30","slug":"cjc-1295-mit-dac","status":"publish","type":"product","link":"https:\/\/novumlab.eu\/de\/produkt\/cjc-1295-mit-dac\/","title":{"rendered":"CJC-1295 (mit DAC)"},"content":{"rendered":"<h3><strong>CJC-1295 mit DAC \u2013 GHRH-Analogon<\/strong><\/h3>\n<p>CJC-1295 mit DAC (Drug Affinity Complex) ist ein synthetisches Analogon des Wachstumshormon-freisetzenden Hormons (GHRH) mit 30 Aminos\u00e4uren. Die DAC-Modifikation erm\u00f6glicht die Bindung an Albumin, was zu einer verl\u00e4ngerten Halbwertszeit im Vergleich zu nativem GHRH f\u00fchrt.<\/p>\n<hr \/>\n<h3><strong>Forschungshintergrund:<\/strong><\/h3>\n<p>CJC-1295 DAC wurde in der endokrinen Forschung hinsichtlich seiner anhaltenden GHRH-Rezeptor-Agonistenaktivit\u00e4t untersucht. Die DAC-Technologie sorgt in experimentellen Systemen f\u00fcr eine verl\u00e4ngerte Wirkdauer.<\/p>\n<p>In ver\u00f6ffentlichten Forschungsarbeiten wurde CJC-1295 in Studien zur Wachstumshormonachse untersucht. Die Verbindung wurde urspr\u00fcnglich von ConjuChem entwickelt und in klinischen Studien der fr\u00fchen Phase untersucht.<\/p>\n<hr \/>\n<h3><strong>Informationen zur Verbindung:<\/strong><\/h3>\n<ul>\n<li><strong>Sequenz:<\/strong> 30 Aminos\u00e4uren mit Drug Affinity Complex<\/li>\n<li><strong>Herkunft:<\/strong> Modifiziertes GHRH-Analogon<\/li>\n<li><strong>Klassifizierung:<\/strong> Synthetisches GHRH-Analogon<\/li>\n<\/ul>\n<hr \/>\n<h3><strong>Produktspezifikationen:<\/strong><\/h3>\n<ul>\n<li><strong>Form:<\/strong> Lyophilisiertes (gefriergetrocknetes) Pulver<\/li>\n<li><strong>Reinheit:<\/strong> \u226598 % (HPLC-verifiziert)<\/li>\n<li><strong>Beh\u00e4lter:<\/strong> Borosilikatglasampulle Typ I<\/li>\n<li><strong>Lagerung:<\/strong> -20 \u00b0C empfohlen, 2\u20138 \u00b0C f\u00fcr kurze Zeit<\/li>\n<li><strong>Rekonstitution:<\/strong> Bakteriostatisches Wasser oder steriles Wasser<\/li>\n<li><strong>Hersteller:<\/strong> NovumLab<\/li>\n<li><strong>Qualit\u00e4tskontrolle:<\/strong> Jede Charge wird unabh\u00e4ngig gepr\u00fcft<\/li>\n<li><strong>Verwendungszweck:<\/strong> Ausschlie\u00dflich <strong>f\u00fcr<\/strong> die In-vitro-Laborforschung<\/li>\n<\/ul>\n<hr \/>\n<p><em>Dieses Produkt ist kein Arzneimittel, Lebensmittel oder Kosmetikum und sollte unter Laborbedingungen von qualifiziertem Fachpersonal gehandhabt werden. Alle Produktinformationen dienen ausschlie\u00dflich zu Bildungszwecken. Das Produkt ist kein Lebensmittel oder Nahrungserg\u00e4nzungsmittel und nicht f\u00fcr den menschlichen Verzehr geeignet. Nur f\u00fcr die In-vitro-Forschung bestimmt.<\/em><\/p>\n","protected":false},"excerpt":{"rendered":"<p>CJC-1295 mit DAC ist ein synthetisches 30-Aminos\u00e4uren-GHRH-Analogon mit Arzneimittelaffinit\u00e4tskomplex f\u00fcr eine verl\u00e4ngerte Halbwertszeit. Erforscht in der endokrinen Forschung. Lyophilisiertes Pulver. Reinheit \u226598% (HPLC). Nur f\u00fcr die In-vitro-Forschung geeignet.<\/p>\n","protected":false},"featured_media":5849,"comment_status":"open","ping_status":"closed","template":"","meta":{"_themeisle_gutenberg_block_has_review":false},"product_brand":[],"product_cat":[2097],"product_tag":[1745,2173,2070,2071,2161],"class_list":{"0":"post-6810","1":"product","2":"type-product","3":"status-publish","4":"has-post-thumbnail","6":"product_cat-leistung-vitalitaet","7":"product_tag-cjc-1295","8":"product_tag-dac","9":"product_tag-endokrine-forschung","10":"product_tag-ghrh-analogon","11":"product_tag-growth-hormone-research","13":"first","14":"instock","15":"shipping-taxable","16":"purchasable","17":"product-type-variable","18":"has-default-attributes"},"supplier_id":null,"supplier_sku":"","barcode":null,"atum_controlled":true,"out_stock_date":null,"out_stock_threshold":null,"inheritable":true,"inbound_stock":null,"stock_on_hold":0,"sold_today":0,"sales_last_days":0,"reserved_stock":null,"customer_returns":null,"warehouse_damage":null,"lost_in_post":null,"other_logs":null,"out_stock_days":0,"lost_sales":0,"has_location":false,"update_date":"2026-05-06T00:40:46","atum_locations":[],"atum_stock_status":"instock","restock_status":false,"low_stock_amount":"","sales_update_date":"2026-05-06T00:40:46","calc_backorders":null,"yoast_head":"<!-- This site is optimized with the Yoast SEO plugin v27.5 - https:\/\/yoast.com\/product\/yoast-seo-wordpress\/ -->\n<title>CJC-1295 (mit DAC) - NovumLab.eu<\/title>\n<meta name=\"robots\" content=\"index, follow, max-snippet:-1, max-image-preview:large, max-video-preview:-1\" \/>\n<link rel=\"canonical\" href=\"https:\/\/novumlab.eu\/de\/produkt\/cjc-1295-mit-dac\/\" \/>\n<meta property=\"og:locale\" content=\"de_DE\" \/>\n<meta property=\"og:type\" content=\"article\" \/>\n<meta property=\"og:title\" content=\"CJC-1295 (mit DAC) - NovumLab.eu\" \/>\n<meta property=\"og:description\" content=\"CJC-1295 mit DAC ist ein synthetisches 30-Aminos\u00e4uren-GHRH-Analogon mit Arzneimittelaffinit\u00e4tskomplex f\u00fcr eine verl\u00e4ngerte Halbwertszeit. Erforscht in der endokrinen Forschung. Lyophilisiertes Pulver. Reinheit \u226598% (HPLC). Nur f\u00fcr die In-vitro-Forschung geeignet.\" \/>\n<meta property=\"og:url\" content=\"https:\/\/novumlab.eu\/de\/produkt\/cjc-1295-mit-dac\/\" \/>\n<meta property=\"og:site_name\" content=\"NovumLab.eu\" \/>\n<meta name=\"twitter:card\" content=\"summary_large_image\" \/>\n<meta name=\"twitter:label1\" content=\"Gesch\u00e4tzte Lesezeit\" \/>\n\t<meta name=\"twitter:data1\" content=\"1\u00a0Minute\" \/>\n<script type=\"application\/ld+json\" class=\"yoast-schema-graph\">{\"@context\":\"https:\\\/\\\/schema.org\",\"@graph\":[{\"@type\":\"WebPage\",\"@id\":\"https:\\\/\\\/novumlab.eu\\\/de\\\/produkt\\\/cjc-1295-mit-dac\\\/\",\"url\":\"https:\\\/\\\/novumlab.eu\\\/de\\\/produkt\\\/cjc-1295-mit-dac\\\/\",\"name\":\"CJC-1295 (mit DAC) - NovumLab.eu\",\"isPartOf\":{\"@id\":\"https:\\\/\\\/novumlab.eu\\\/de\\\/#website\"},\"primaryImageOfPage\":{\"@id\":\"https:\\\/\\\/novumlab.eu\\\/de\\\/produkt\\\/cjc-1295-mit-dac\\\/#primaryimage\"},\"image\":{\"@id\":\"https:\\\/\\\/novumlab.eu\\\/de\\\/produkt\\\/cjc-1295-mit-dac\\\/#primaryimage\"},\"thumbnailUrl\":\"https:\\\/\\\/novumlab.eu\\\/wp-content\\\/uploads\\\/2025\\\/11\\\/Vaccine-Bottle_v01-76-scaled.jpg\",\"datePublished\":\"2026-04-12T11:08:30+00:00\",\"breadcrumb\":{\"@id\":\"https:\\\/\\\/novumlab.eu\\\/de\\\/produkt\\\/cjc-1295-mit-dac\\\/#breadcrumb\"},\"inLanguage\":\"de\",\"potentialAction\":[{\"@type\":\"ReadAction\",\"target\":[\"https:\\\/\\\/novumlab.eu\\\/de\\\/produkt\\\/cjc-1295-mit-dac\\\/\"]}]},{\"@type\":\"ImageObject\",\"inLanguage\":\"de\",\"@id\":\"https:\\\/\\\/novumlab.eu\\\/de\\\/produkt\\\/cjc-1295-mit-dac\\\/#primaryimage\",\"url\":\"https:\\\/\\\/novumlab.eu\\\/wp-content\\\/uploads\\\/2025\\\/11\\\/Vaccine-Bottle_v01-76-scaled.jpg\",\"contentUrl\":\"https:\\\/\\\/novumlab.eu\\\/wp-content\\\/uploads\\\/2025\\\/11\\\/Vaccine-Bottle_v01-76-scaled.jpg\",\"width\":2560,\"height\":1707},{\"@type\":\"BreadcrumbList\",\"@id\":\"https:\\\/\\\/novumlab.eu\\\/de\\\/produkt\\\/cjc-1295-mit-dac\\\/#breadcrumb\",\"itemListElement\":[{\"@type\":\"ListItem\",\"position\":1,\"name\":\"Startseite\",\"item\":\"https:\\\/\\\/novumlab.eu\\\/de\\\/home\\\/\"},{\"@type\":\"ListItem\",\"position\":2,\"name\":\"Shop\",\"item\":\"https:\\\/\\\/novumlab.eu\\\/shop\\\/\"},{\"@type\":\"ListItem\",\"position\":3,\"name\":\"CJC-1295 (mit DAC)\"}]},{\"@type\":\"WebSite\",\"@id\":\"https:\\\/\\\/novumlab.eu\\\/de\\\/#website\",\"url\":\"https:\\\/\\\/novumlab.eu\\\/de\\\/\",\"name\":\"Buy Premium Peptides Online | BPC-157, Semaglutide, CJC-1295, TB-500 | Lab-Tested EU Store\",\"description\":\"Premium-Peptide online kaufen | BPC-157, GHK-CU, CJC-1295, TB-500 | Laborgepr\u00fcfter EU-Shop\",\"publisher\":{\"@id\":\"https:\\\/\\\/novumlab.eu\\\/de\\\/#organization\"},\"potentialAction\":[{\"@type\":\"SearchAction\",\"target\":{\"@type\":\"EntryPoint\",\"urlTemplate\":\"https:\\\/\\\/novumlab.eu\\\/de\\\/?s={search_term_string}\"},\"query-input\":{\"@type\":\"PropertyValueSpecification\",\"valueRequired\":true,\"valueName\":\"search_term_string\"}}],\"inLanguage\":\"de\"},{\"@type\":\"Organization\",\"@id\":\"https:\\\/\\\/novumlab.eu\\\/de\\\/#organization\",\"name\":\"NovumLab.eu\",\"url\":\"https:\\\/\\\/novumlab.eu\\\/de\\\/\",\"logo\":{\"@type\":\"ImageObject\",\"inLanguage\":\"de\",\"@id\":\"https:\\\/\\\/novumlab.eu\\\/de\\\/#\\\/schema\\\/logo\\\/image\\\/\",\"url\":\"https:\\\/\\\/novumlab.eu\\\/wp-content\\\/uploads\\\/2025\\\/11\\\/Logo-scaled.png\",\"contentUrl\":\"https:\\\/\\\/novumlab.eu\\\/wp-content\\\/uploads\\\/2025\\\/11\\\/Logo-scaled.png\",\"width\":2560,\"height\":688,\"caption\":\"NovumLab.eu\"},\"image\":{\"@id\":\"https:\\\/\\\/novumlab.eu\\\/de\\\/#\\\/schema\\\/logo\\\/image\\\/\"}}]}<\/script>\n<!-- \/ Yoast SEO plugin. -->","yoast_head_json":{"title":"CJC-1295 (mit DAC) - NovumLab.eu","robots":{"index":"index","follow":"follow","max-snippet":"max-snippet:-1","max-image-preview":"max-image-preview:large","max-video-preview":"max-video-preview:-1"},"canonical":"https:\/\/novumlab.eu\/de\/produkt\/cjc-1295-mit-dac\/","og_locale":"de_DE","og_type":"article","og_title":"CJC-1295 (mit DAC) - NovumLab.eu","og_description":"CJC-1295 mit DAC ist ein synthetisches 30-Aminos\u00e4uren-GHRH-Analogon mit Arzneimittelaffinit\u00e4tskomplex f\u00fcr eine verl\u00e4ngerte Halbwertszeit. Erforscht in der endokrinen Forschung. Lyophilisiertes Pulver. Reinheit \u226598% (HPLC). Nur f\u00fcr die In-vitro-Forschung geeignet.","og_url":"https:\/\/novumlab.eu\/de\/produkt\/cjc-1295-mit-dac\/","og_site_name":"NovumLab.eu","twitter_card":"summary_large_image","twitter_misc":{"Gesch\u00e4tzte Lesezeit":"1\u00a0Minute"},"schema":{"@context":"https:\/\/schema.org","@graph":[{"@type":"WebPage","@id":"https:\/\/novumlab.eu\/de\/produkt\/cjc-1295-mit-dac\/","url":"https:\/\/novumlab.eu\/de\/produkt\/cjc-1295-mit-dac\/","name":"CJC-1295 (mit DAC) - NovumLab.eu","isPartOf":{"@id":"https:\/\/novumlab.eu\/de\/#website"},"primaryImageOfPage":{"@id":"https:\/\/novumlab.eu\/de\/produkt\/cjc-1295-mit-dac\/#primaryimage"},"image":{"@id":"https:\/\/novumlab.eu\/de\/produkt\/cjc-1295-mit-dac\/#primaryimage"},"thumbnailUrl":"https:\/\/novumlab.eu\/wp-content\/uploads\/2025\/11\/Vaccine-Bottle_v01-76-scaled.jpg","datePublished":"2026-04-12T11:08:30+00:00","breadcrumb":{"@id":"https:\/\/novumlab.eu\/de\/produkt\/cjc-1295-mit-dac\/#breadcrumb"},"inLanguage":"de","potentialAction":[{"@type":"ReadAction","target":["https:\/\/novumlab.eu\/de\/produkt\/cjc-1295-mit-dac\/"]}]},{"@type":"ImageObject","inLanguage":"de","@id":"https:\/\/novumlab.eu\/de\/produkt\/cjc-1295-mit-dac\/#primaryimage","url":"https:\/\/novumlab.eu\/wp-content\/uploads\/2025\/11\/Vaccine-Bottle_v01-76-scaled.jpg","contentUrl":"https:\/\/novumlab.eu\/wp-content\/uploads\/2025\/11\/Vaccine-Bottle_v01-76-scaled.jpg","width":2560,"height":1707},{"@type":"BreadcrumbList","@id":"https:\/\/novumlab.eu\/de\/produkt\/cjc-1295-mit-dac\/#breadcrumb","itemListElement":[{"@type":"ListItem","position":1,"name":"Startseite","item":"https:\/\/novumlab.eu\/de\/home\/"},{"@type":"ListItem","position":2,"name":"Shop","item":"https:\/\/novumlab.eu\/shop\/"},{"@type":"ListItem","position":3,"name":"CJC-1295 (mit DAC)"}]},{"@type":"WebSite","@id":"https:\/\/novumlab.eu\/de\/#website","url":"https:\/\/novumlab.eu\/de\/","name":"Buy Premium Peptides Online | BPC-157, Semaglutide, CJC-1295, TB-500 | Lab-Tested EU Store","description":"Premium-Peptide online kaufen | BPC-157, GHK-CU, CJC-1295, TB-500 | Laborgepr\u00fcfter EU-Shop","publisher":{"@id":"https:\/\/novumlab.eu\/de\/#organization"},"potentialAction":[{"@type":"SearchAction","target":{"@type":"EntryPoint","urlTemplate":"https:\/\/novumlab.eu\/de\/?s={search_term_string}"},"query-input":{"@type":"PropertyValueSpecification","valueRequired":true,"valueName":"search_term_string"}}],"inLanguage":"de"},{"@type":"Organization","@id":"https:\/\/novumlab.eu\/de\/#organization","name":"NovumLab.eu","url":"https:\/\/novumlab.eu\/de\/","logo":{"@type":"ImageObject","inLanguage":"de","@id":"https:\/\/novumlab.eu\/de\/#\/schema\/logo\/image\/","url":"https:\/\/novumlab.eu\/wp-content\/uploads\/2025\/11\/Logo-scaled.png","contentUrl":"https:\/\/novumlab.eu\/wp-content\/uploads\/2025\/11\/Logo-scaled.png","width":2560,"height":688,"caption":"NovumLab.eu"},"image":{"@id":"https:\/\/novumlab.eu\/de\/#\/schema\/logo\/image\/"}}]}},"_links":{"self":[{"href":"https:\/\/novumlab.eu\/de\/wp-json\/wp\/v2\/product\/6810","targetHints":{"allow":["GET"]}}],"collection":[{"href":"https:\/\/novumlab.eu\/de\/wp-json\/wp\/v2\/product"}],"about":[{"href":"https:\/\/novumlab.eu\/de\/wp-json\/wp\/v2\/types\/product"}],"replies":[{"embeddable":true,"href":"https:\/\/novumlab.eu\/de\/wp-json\/wp\/v2\/comments?post=6810"}],"version-history":[{"count":0,"href":"https:\/\/novumlab.eu\/de\/wp-json\/wp\/v2\/product\/6810\/revisions"}],"wp:featuredmedia":[{"embeddable":true,"href":"https:\/\/novumlab.eu\/de\/wp-json\/wp\/v2\/media\/5849"}],"wp:attachment":[{"href":"https:\/\/novumlab.eu\/de\/wp-json\/wp\/v2\/media?parent=6810"}],"wp:term":[{"taxonomy":"product_brand","embeddable":true,"href":"https:\/\/novumlab.eu\/de\/wp-json\/wp\/v2\/product_brand?post=6810"},{"taxonomy":"product_cat","embeddable":true,"href":"https:\/\/novumlab.eu\/de\/wp-json\/wp\/v2\/product_cat?post=6810"},{"taxonomy":"product_tag","embeddable":true,"href":"https:\/\/novumlab.eu\/de\/wp-json\/wp\/v2\/product_tag?post=6810"}],"curies":[{"name":"wp","href":"https:\/\/api.w.org\/{rel}","templated":true}]}}