{"id":6924,"date":"2026-04-13T10:51:39","date_gmt":"2026-04-13T10:51:39","guid":{"rendered":"https:\/\/novumlab.eu\/legal-notice\/"},"modified":"2026-04-13T13:49:22","modified_gmt":"2026-04-13T13:49:22","slug":"legal-notice","status":"publish","type":"page","link":"https:\/\/novumlab.eu\/de\/legal-notice\/","title":{"rendered":"Rechtliche Hinweise"},"content":{"rendered":"\t\t<div data-elementor-type=\"wp-page\" data-elementor-id=\"6924\" class=\"elementor elementor-6924 elementor-6906\">\n\t\t\t\t<div class=\"wd-negative-gap elementor-element elementor-element-d9018a2 e-flex e-con-boxed e-con e-parent\" data-id=\"d9018a2\" data-element_type=\"container\" data-e-type=\"container\">\n\t\t\t\t\t<div class=\"e-con-inner\">\n\t\t\t\t<div class=\"elementor-element elementor-element-29f54af elementor-widget elementor-widget-wd_text_block\" data-id=\"29f54af\" data-element_type=\"widget\" data-e-type=\"widget\" data-widget_type=\"wd_text_block.default\">\n\t\t\t\t<div class=\"elementor-widget-container\">\n\t\t\t\t\t\t\t<div class=\"wd-text-block reset-last-child text-left\">\n\t\t\t\n\t\t\t<p><!-- ============================================\n     IMPRESSUM \/ LEGAL NOTICE \u2014 NovumLab\n     Copy & Paste in Elementor HTML Widget\n     ============================================ --><\/p>\n<div style=\"max-width:780px; margin:0 auto; font-family:inherit; line-height:1.8; color:#333;\">\n<h2 style=\"margin-bottom:24px;\">Rechtlicher Hinweis (Impressum)<\/h2>\n<p>Angaben gem\u00e4\u00df \u00a7 5 des deutschen Telemediengesetzes (TMG), Artikel 5 der Richtlinie 2000\/31\/EG (E-Commerce-Richtlinie) und den geltenden EU-Transparenzvorschriften.<\/p>\n<p>  <!-- === COMPANY INFO === --><\/p>\n<h3 style=\"margin-top:32px; margin-bottom:12px;\">Unternehmen<\/h3>\n<p>\n    <strong>NovumLab Limited<\/strong><br \/> Room A, 19\/F, Max Share Centre<br \/> 367-373 King's Road, North Point<br \/> Hong Kong\n  <\/p>\n<p>\n Handelsregisternummer: 79979985<br \/>Gewerbeschein-Nr.: 79979985-000-03-26-3\n  <\/p>\n<p>  <!-- === RESPONSIBLE PERSON === --><\/p>\n<h3 style=\"margin-top:32px; margin-bottom:12px;\">Vertreten durch<\/h3>\n<p>\n Gesch\u00e4ftsf\u00fchrer: <strong>Kevin Wojtas<\/strong>\n  <\/p>\n<p>  <!-- === CONTACT === --><\/p>\n<h3 style=\"margin-top:32px; margin-bottom:12px;\">Kontakt<\/h3>\n<p>\n Telefon: <a href=\"tel:+4925729009088\">+49 2572 9009088<\/a><br \/>E-Mail: <a href=\"mailto:support@novumlab.eu\">support@novumlab.eu<\/a>\n  <\/p>\n<p>  <!-- === EU REPRESENTATIVE (if applicable) === --><br \/>\n  <!--\n  \n\n<h3 style=\"margin-top:32px; margin-bottom:12px;\">EU Authorised Representative<\/h3>\n\n\n  \n\n<p>\n    \u26a0\ufe0f Falls ihr einen bevollm\u00e4chtigten EU-Vertreter habt (empfohlen f\u00fcr\n    Nicht-EU-Unternehmen, die EU-Verbraucher ansprechen), hier eintragen:\n    [Name \/ Firma]<br \/>\n    [Adresse in der EU]<br \/>\n    E-Mail: [email]\n  <\/p>\n\n\n  --><\/p>\n<p>  <!-- === VAT === --><\/p>\n<h3 style=\"margin-top:32px; margin-bottom:12px;\">Informationen zur Mehrwertsteuer<\/h3>\n<p>\n    <!-- No VAT ID applicable --><br \/>\n Nicht zutreffend \u2013 NovumLab Limited ist in der Europ\u00e4ischen Union nicht umsatzsteuerlich registriert.\n  <\/p>\n<p>  <!-- === ODR === --><\/p>\n<h3 style=\"margin-top:32px; margin-bottom:12px;\">Online-Streitbeilegung<\/h3>\n<p>\n Die Europ\u00e4ische Kommission stellt eine Plattform f\u00fcr die Online-Streitbeilegung (ODR) bereit:<br \/><a href=\"https:\/\/ec.europa.eu\/consumers\/odr\" target=\"_blank\" rel=\"noopener noreferrer\">https:\/\/ec.europa.eu\/consumers\/odr<\/a>\n  <\/p>\n<p>Wir sind weder verpflichtet noch bereit, an Streitbeilegungsverfahren vor einer Verbraucherschlichtungsstelle teilzunehmen.<\/p>\n<p>  <!-- === EDITORIAL RESPONSIBILITY === --><\/p>\n<h3 style=\"margin-top:32px; margin-bottom:12px;\">Verantwortlich f\u00fcr den Inhalt<\/h3>\n<p>\n Inhaltlich verantwortlich gem\u00e4\u00df \u00a7 18 Abs. 2 des Medienstatsvertrags (MStV):<br \/><strong>Kevin Wojtas<\/strong><br \/>Raum A, 19. Etage, Max Share Centre<br \/>367\u2013373 King\u2019s Road, North Point<br \/>Hongkong\n  <\/p>\n<p>  <!-- === DISCLAIMER === --><\/p>\n<h3 style=\"margin-top:32px; margin-bottom:12px;\">Haftungsausschluss<\/h3>\n<p><strong>Haftung f\u00fcr Inhalte:<\/strong> Die Inhalte dieser Website wurden mit gr\u00f6\u00dfter Sorgfalt zusammengestellt. Wir k\u00f6nnen jedoch keine Gew\u00e4hr f\u00fcr die Richtigkeit, Vollst\u00e4ndigkeit oder Aktualit\u00e4t der Inhalte \u00fcbernehmen. Als Diensteanbieter sind wir gem\u00e4\u00df den allgemeinen Gesetzen f\u00fcr unsere eigenen Inhalte auf diesen Seiten verantwortlich. Wir sind jedoch nicht verpflichtet, \u00fcbermittelte oder gespeicherte fremde Informationen zu \u00fcberwachen oder nach Umst\u00e4nden zu forschen, die auf eine rechtswidrige T\u00e4tigkeit hinweisen.   <\/p>\n<p><strong>Haftung f\u00fcr Links:<\/strong> Unsere Website enth\u00e4lt Links zu externen Websites Dritter, auf deren Inhalte wir keinen Einfluss haben. Wir \u00fcbernehmen daher keine Haftung f\u00fcr diese fremden Inhalte. F\u00fcr den Inhalt der verlinkten Seiten ist stets der jeweilige Anbieter oder Betreiber der Seiten verantwortlich.  <\/p>\n<p><strong>Urheberrecht:<\/strong> Die vom Betreiber dieser Seiten erstellten Inhalte und Werke unterliegen dem Urheberrecht. Die Vervielf\u00e4ltigung, Bearbeitung, Verbreitung oder jede andere Art der Verwertung au\u00dferhalb der Grenzen des Urheberrechts bedarf der schriftlichen Zustimmung des jeweiligen Autors bzw. Urhebers. <\/p>\n<p>  <!-- === PRODUCT DISCLAIMER === --><\/p>\n<h3 style=\"margin-top:32px; margin-bottom:12px;\">Haftungsausschluss f\u00fcr Produkte<\/h3>\n<p>Alle auf dieser Website angebotenen Produkte sind ausschlie\u00dflich f\u00fcr den <strong>In-vitro-Einsatz in Laboren und zu Forschungszwecken bestimmt<\/strong>. Sie sind nicht f\u00fcr den menschlichen Verzehr, therapeutische Zwecke oder als Lebensmittel, Nahrungserg\u00e4nzungsmittel, Arzneimittel oder Kosmetika vorgesehen. Die Produkte d\u00fcrfen ausschlie\u00dflich von qualifiziertem Fachpersonal in geeigneten Laborumgebungen gehandhabt werden. Die K\u00e4ufer best\u00e4tigen, dass sie die Produkte ausschlie\u00dflich f\u00fcr legitime Forschungszwecke erwerben.   <\/p>\n<\/div>\n\n\t\t\t\t\t<\/div>\n\t\t\t\t\t\t<\/div>\n\t\t\t\t<\/div>\n\t\t\t\t\t<\/div>\n\t\t\t\t<\/div>\n\t\t\t\t<\/div>\n\t\t","protected":false},"excerpt":{"rendered":"<p>Rechtlicher Hinweis (Impressum) Angaben gem\u00e4\u00df \u00a7 5 des deutschen Telemediengesetzes (TMG), Artikel 5 der Richtlinie 2000\/31\/EG (E-Commerce-Richtlinie) und den geltenden<\/p>\n","protected":false},"author":1,"featured_media":0,"parent":0,"menu_order":0,"comment_status":"closed","ping_status":"closed","template":"","meta":{"_themeisle_gutenberg_block_has_review":false,"footnotes":""},"class_list":["post-6924","page","type-page","status-publish","hentry"],"yoast_head":"<!-- This site is optimized with the Yoast SEO plugin v27.3 - https:\/\/yoast.com\/product\/yoast-seo-wordpress\/ -->\n<title>Rechtliche Hinweise - NovumLab.eu<\/title>\n<meta name=\"robots\" content=\"index, follow, max-snippet:-1, max-image-preview:large, max-video-preview:-1\" \/>\n<link rel=\"canonical\" href=\"https:\/\/novumlab.eu\/de\/legal-notice\/\" \/>\n<meta property=\"og:locale\" content=\"de_DE\" \/>\n<meta property=\"og:type\" content=\"article\" \/>\n<meta property=\"og:title\" content=\"Rechtliche Hinweise - NovumLab.eu\" \/>\n<meta property=\"og:description\" content=\"Rechtlicher Hinweis (Impressum) Angaben gem\u00e4\u00df \u00a7 5 des deutschen Telemediengesetzes (TMG), Artikel 5 der Richtlinie 2000\/31\/EG (E-Commerce-Richtlinie) und den geltenden\" \/>\n<meta property=\"og:url\" content=\"https:\/\/novumlab.eu\/de\/legal-notice\/\" \/>\n<meta property=\"og:site_name\" content=\"NovumLab.eu\" \/>\n<meta property=\"article:modified_time\" content=\"2026-04-13T13:49:22+00:00\" \/>\n<meta name=\"twitter:card\" content=\"summary_large_image\" \/>\n<meta name=\"twitter:label1\" content=\"Gesch\u00e4tzte Lesezeit\" \/>\n\t<meta name=\"twitter:data1\" content=\"2 Minuten\" \/>\n<script type=\"application\/ld+json\" class=\"yoast-schema-graph\">{\"@context\":\"https:\\\/\\\/schema.org\",\"@graph\":[{\"@type\":\"WebPage\",\"@id\":\"https:\\\/\\\/novumlab.eu\\\/de\\\/legal-notice\\\/\",\"url\":\"https:\\\/\\\/novumlab.eu\\\/de\\\/legal-notice\\\/\",\"name\":\"Rechtliche Hinweise - NovumLab.eu\",\"isPartOf\":{\"@id\":\"https:\\\/\\\/novumlab.eu\\\/de\\\/#website\"},\"datePublished\":\"2026-04-13T10:51:39+00:00\",\"dateModified\":\"2026-04-13T13:49:22+00:00\",\"breadcrumb\":{\"@id\":\"https:\\\/\\\/novumlab.eu\\\/de\\\/legal-notice\\\/#breadcrumb\"},\"inLanguage\":\"de\",\"potentialAction\":[{\"@type\":\"ReadAction\",\"target\":[\"https:\\\/\\\/novumlab.eu\\\/de\\\/legal-notice\\\/\"]}]},{\"@type\":\"BreadcrumbList\",\"@id\":\"https:\\\/\\\/novumlab.eu\\\/de\\\/legal-notice\\\/#breadcrumb\",\"itemListElement\":[{\"@type\":\"ListItem\",\"position\":1,\"name\":\"Startseite\",\"item\":\"https:\\\/\\\/novumlab.eu\\\/de\\\/home\\\/\"},{\"@type\":\"ListItem\",\"position\":2,\"name\":\"Rechtliche Hinweise\"}]},{\"@type\":\"WebSite\",\"@id\":\"https:\\\/\\\/novumlab.eu\\\/de\\\/#website\",\"url\":\"https:\\\/\\\/novumlab.eu\\\/de\\\/\",\"name\":\"Buy Premium Peptides Online | BPC-157, Semaglutide, CJC-1295, TB-500 | Lab-Tested EU Store\",\"description\":\"Premium-Peptide online kaufen | BPC-157, GHK-CU, CJC-1295, TB-500 | Laborgepr\u00fcfter EU-Shop\",\"publisher\":{\"@id\":\"https:\\\/\\\/novumlab.eu\\\/de\\\/#organization\"},\"potentialAction\":[{\"@type\":\"SearchAction\",\"target\":{\"@type\":\"EntryPoint\",\"urlTemplate\":\"https:\\\/\\\/novumlab.eu\\\/de\\\/?s={search_term_string}\"},\"query-input\":{\"@type\":\"PropertyValueSpecification\",\"valueRequired\":true,\"valueName\":\"search_term_string\"}}],\"inLanguage\":\"de\"},{\"@type\":\"Organization\",\"@id\":\"https:\\\/\\\/novumlab.eu\\\/de\\\/#organization\",\"name\":\"NovumLab.eu\",\"url\":\"https:\\\/\\\/novumlab.eu\\\/de\\\/\",\"logo\":{\"@type\":\"ImageObject\",\"inLanguage\":\"de\",\"@id\":\"https:\\\/\\\/novumlab.eu\\\/de\\\/#\\\/schema\\\/logo\\\/image\\\/\",\"url\":\"https:\\\/\\\/novumlab.eu\\\/wp-content\\\/uploads\\\/2025\\\/11\\\/Logo-scaled.png\",\"contentUrl\":\"https:\\\/\\\/novumlab.eu\\\/wp-content\\\/uploads\\\/2025\\\/11\\\/Logo-scaled.png\",\"width\":2560,\"height\":688,\"caption\":\"NovumLab.eu\"},\"image\":{\"@id\":\"https:\\\/\\\/novumlab.eu\\\/de\\\/#\\\/schema\\\/logo\\\/image\\\/\"}}]}<\/script>\n<!-- \/ Yoast SEO plugin. -->","yoast_head_json":{"title":"Rechtliche Hinweise - NovumLab.eu","robots":{"index":"index","follow":"follow","max-snippet":"max-snippet:-1","max-image-preview":"max-image-preview:large","max-video-preview":"max-video-preview:-1"},"canonical":"https:\/\/novumlab.eu\/de\/legal-notice\/","og_locale":"de_DE","og_type":"article","og_title":"Rechtliche Hinweise - NovumLab.eu","og_description":"Rechtlicher Hinweis (Impressum) Angaben gem\u00e4\u00df \u00a7 5 des deutschen Telemediengesetzes (TMG), Artikel 5 der Richtlinie 2000\/31\/EG (E-Commerce-Richtlinie) und den geltenden","og_url":"https:\/\/novumlab.eu\/de\/legal-notice\/","og_site_name":"NovumLab.eu","article_modified_time":"2026-04-13T13:49:22+00:00","twitter_card":"summary_large_image","twitter_misc":{"Gesch\u00e4tzte Lesezeit":"2 Minuten"},"schema":{"@context":"https:\/\/schema.org","@graph":[{"@type":"WebPage","@id":"https:\/\/novumlab.eu\/de\/legal-notice\/","url":"https:\/\/novumlab.eu\/de\/legal-notice\/","name":"Rechtliche Hinweise - NovumLab.eu","isPartOf":{"@id":"https:\/\/novumlab.eu\/de\/#website"},"datePublished":"2026-04-13T10:51:39+00:00","dateModified":"2026-04-13T13:49:22+00:00","breadcrumb":{"@id":"https:\/\/novumlab.eu\/de\/legal-notice\/#breadcrumb"},"inLanguage":"de","potentialAction":[{"@type":"ReadAction","target":["https:\/\/novumlab.eu\/de\/legal-notice\/"]}]},{"@type":"BreadcrumbList","@id":"https:\/\/novumlab.eu\/de\/legal-notice\/#breadcrumb","itemListElement":[{"@type":"ListItem","position":1,"name":"Startseite","item":"https:\/\/novumlab.eu\/de\/home\/"},{"@type":"ListItem","position":2,"name":"Rechtliche Hinweise"}]},{"@type":"WebSite","@id":"https:\/\/novumlab.eu\/de\/#website","url":"https:\/\/novumlab.eu\/de\/","name":"Buy Premium Peptides Online | BPC-157, Semaglutide, CJC-1295, TB-500 | Lab-Tested EU Store","description":"Premium-Peptide online kaufen | BPC-157, GHK-CU, CJC-1295, TB-500 | Laborgepr\u00fcfter EU-Shop","publisher":{"@id":"https:\/\/novumlab.eu\/de\/#organization"},"potentialAction":[{"@type":"SearchAction","target":{"@type":"EntryPoint","urlTemplate":"https:\/\/novumlab.eu\/de\/?s={search_term_string}"},"query-input":{"@type":"PropertyValueSpecification","valueRequired":true,"valueName":"search_term_string"}}],"inLanguage":"de"},{"@type":"Organization","@id":"https:\/\/novumlab.eu\/de\/#organization","name":"NovumLab.eu","url":"https:\/\/novumlab.eu\/de\/","logo":{"@type":"ImageObject","inLanguage":"de","@id":"https:\/\/novumlab.eu\/de\/#\/schema\/logo\/image\/","url":"https:\/\/novumlab.eu\/wp-content\/uploads\/2025\/11\/Logo-scaled.png","contentUrl":"https:\/\/novumlab.eu\/wp-content\/uploads\/2025\/11\/Logo-scaled.png","width":2560,"height":688,"caption":"NovumLab.eu"},"image":{"@id":"https:\/\/novumlab.eu\/de\/#\/schema\/logo\/image\/"}}]}},"_hostinger_reach_plugin_has_subscription_block":false,"_hostinger_reach_plugin_is_elementor":false,"jetpack_sharing_enabled":true,"_links":{"self":[{"href":"https:\/\/novumlab.eu\/de\/wp-json\/wp\/v2\/pages\/6924","targetHints":{"allow":["GET"]}}],"collection":[{"href":"https:\/\/novumlab.eu\/de\/wp-json\/wp\/v2\/pages"}],"about":[{"href":"https:\/\/novumlab.eu\/de\/wp-json\/wp\/v2\/types\/page"}],"author":[{"embeddable":true,"href":"https:\/\/novumlab.eu\/de\/wp-json\/wp\/v2\/users\/1"}],"replies":[{"embeddable":true,"href":"https:\/\/novumlab.eu\/de\/wp-json\/wp\/v2\/comments?post=6924"}],"version-history":[{"count":2,"href":"https:\/\/novumlab.eu\/de\/wp-json\/wp\/v2\/pages\/6924\/revisions"}],"predecessor-version":[{"id":6938,"href":"https:\/\/novumlab.eu\/de\/wp-json\/wp\/v2\/pages\/6924\/revisions\/6938"}],"wp:attachment":[{"href":"https:\/\/novumlab.eu\/de\/wp-json\/wp\/v2\/media?parent=6924"}],"curies":[{"name":"wp","href":"https:\/\/api.w.org\/{rel}","templated":true}]}}